{"id":3050,"date":"2020-11-14T21:21:52","date_gmt":"2020-11-14T21:21:52","guid":{"rendered":"https:\/\/weesuwul.nitteknalogik.net\/?page_id=3050"},"modified":"2020-11-18T14:30:02","modified_gmt":"2020-11-18T14:30:02","slug":"soutien","status":"publish","type":"page","link":"https:\/\/weesuwul.nitteknalogik.net\/es\/soutien\/","title":{"rendered":"Apoyo"},"content":{"rendered":"\n<p>La realizaci\u00f3n del proyecto fue posible gracias a muchos y variados apoyos. Por lo tanto, queremos expresar nuestra gratitud a las personas e instituciones que creyeron en el proyecto desde el principio.<\/p>\n\n\n\n<p>El proyecto recibi\u00f3  donaci\u00f3n de ordenadores por parte de:<\/p>\n\n\n\n<p>Akilino, Neus, Miriam, Elena, Rocio, Ro, Maria Jos\u00e9, \u00c1lvaro, Juergen<\/p>\n\n\n\n<hr class=\"wp-block-separator\"\/>\n\n\n\n<p>La campa\u00f1a Crowdfunding fue apoyada por:<\/p>\n\n\n\n<p>Johannes, Patricia, Daniel, Mar\u00eda, Marcos, MJ, Isabel, Miriam, Alvaro, Christian, Max, Blanca, Hendrik, Anja, Rodrigo, Rocio, Irene, Julia, Gregory, Diana, Elena, Val\u00e9rie,  M F, Marta, Jose Maria, Briseida<\/p>\n\n\n\n<hr class=\"wp-block-separator\"\/>\n\n\n\n<div class=\"wp-block-image\"><figure class=\"alignleft size-large is-resized\"><img loading=\"lazy\" decoding=\"async\" src=\"https:\/\/weesuwul.nitteknalogik.net\/wp-content\/uploads\/2020\/11\/330px-Logo_CCC.svg_.png\" alt=\"\" class=\"wp-image-3051\" width=\"110\" height=\"80\" srcset=\"https:\/\/weesuwul.nitteknalogik.net\/wp-content\/uploads\/2020\/11\/330px-Logo_CCC.svg_.png 330w, https:\/\/weesuwul.nitteknalogik.net\/wp-content\/uploads\/2020\/11\/330px-Logo_CCC.svg_-300x218.png 300w\" sizes=\"auto, (max-width: 110px) 100vw, 110px\" \/><\/figure><\/div>\n\n\n\n<p><\/p>\n\n\n\n<p>Chaos Computer Club es una de las organizaciones de hackers m\u00e1s influyentes de Europa que se ha hecho cargo de los gastos de Internet y de algunos equipos t\u00e9cnicos.<\/p>\n\n\n\n<hr class=\"wp-block-separator\"\/>\n\n\n\n<div class=\"wp-block-image\"><figure class=\"alignleft size-large is-resized\"><img loading=\"lazy\" decoding=\"async\" src=\"https:\/\/weesuwul.nitteknalogik.net\/wp-content\/uploads\/2020\/11\/umverteilen-logo.jpg\" alt=\"\" class=\"wp-image-3052\" width=\"127\" height=\"65\" srcset=\"https:\/\/weesuwul.nitteknalogik.net\/wp-content\/uploads\/2020\/11\/umverteilen-logo.jpg 562w, https:\/\/weesuwul.nitteknalogik.net\/wp-content\/uploads\/2020\/11\/umverteilen-logo-300x153.jpg 300w\" sizes=\"auto, (max-width: 127px) 100vw, 127px\" \/><\/figure><\/div>\n\n\n\n<p>El grupo de trabajo de mujeres de la Fundaci\u00f3n Umverteilen, financia microproyectos independientes de cualquier partido pol\u00edtico que tienen como objetivo mejorar la vida social y econ\u00f3mica de las mujeres.<\/p>\n","protected":false},"excerpt":{"rendered":"<p>La realizaci\u00f3n del proyecto fue posible gracias a muchos y variados apoyos. Por lo tanto, queremos expresar nuestra gratitud a las personas e instituciones que creyeron en el proyecto desde el principio. El proyecto recibi\u00f3 donaci\u00f3n de ordenadores por parte de: Akilino, Neus, Miriam, Elena, Rocio, Ro, Maria Jos\u00e9, \u00c1lvaro,<\/p>\n","protected":false},"author":1,"featured_media":0,"parent":0,"menu_order":0,"comment_status":"closed","ping_status":"closed","template":"","meta":{"footnotes":""},"class_list":["post-3050","page","type-page","status-publish","hentry"],"translation":{"provider":"WPGlobus","version":"3.0.2","language":"es","enabled_languages":["fr","en","es"],"languages":{"fr":{"title":true,"content":true,"excerpt":false},"en":{"title":true,"content":true,"excerpt":false},"es":{"title":true,"content":true,"excerpt":false}}},"jetpack_sharing_enabled":true,"_links":{"self":[{"href":"https:\/\/weesuwul.nitteknalogik.net\/es\/wp-json\/wp\/v2\/pages\/3050","targetHints":{"allow":["GET"]}}],"collection":[{"href":"https:\/\/weesuwul.nitteknalogik.net\/es\/wp-json\/wp\/v2\/pages"}],"about":[{"href":"https:\/\/weesuwul.nitteknalogik.net\/es\/wp-json\/wp\/v2\/types\/page"}],"author":[{"embeddable":true,"href":"https:\/\/weesuwul.nitteknalogik.net\/es\/wp-json\/wp\/v2\/users\/1"}],"replies":[{"embeddable":true,"href":"https:\/\/weesuwul.nitteknalogik.net\/es\/wp-json\/wp\/v2\/comments?post=3050"}],"version-history":[{"count":9,"href":"https:\/\/weesuwul.nitteknalogik.net\/es\/wp-json\/wp\/v2\/pages\/3050\/revisions"}],"predecessor-version":[{"id":3094,"href":"https:\/\/weesuwul.nitteknalogik.net\/es\/wp-json\/wp\/v2\/pages\/3050\/revisions\/3094"}],"wp:attachment":[{"href":"https:\/\/weesuwul.nitteknalogik.net\/es\/wp-json\/wp\/v2\/media?parent=3050"}],"curies":[{"name":"wp","href":"https:\/\/api.w.org\/{rel}","templated":true}]}}