{"id":19,"date":"2019-12-17T00:36:54","date_gmt":"2019-12-17T00:36:54","guid":{"rendered":"https:\/\/weesuwul.abriraqui.net\/about-us\/"},"modified":"2024-10-01T16:44:12","modified_gmt":"2024-10-01T16:44:12","slug":"about-us","status":"publish","type":"page","link":"https:\/\/weesuwul.nitteknalogik.net\/es\/about-us\/","title":{"rendered":"Equipo"},"content":{"rendered":"<div class=\"wp-block-image\">\n<figure class=\"alignleft size-full is-resized\"><img loading=\"lazy\" decoding=\"async\" width=\"275\" height=\"288\" src=\"https:\/\/weesuwul.nitteknalogik.net\/wp-content\/uploads\/2024\/10\/logo_InstB-1.png\" alt=\"\" class=\"wp-image-3404\" style=\"width:116px;height:auto\"\/><\/figure>\n<\/div>\n\n\n<p>Niit Tekna Logic tiene como misi\u00f3n la formaci\u00f3n, capacitaci\u00f3n y empoderamiento a trav\u00e9s de proyectos en los \u00e1mbitos de la tecnolog\u00eda libre, el emprendimiento social y solidario y el arte. Para llevar a cabo sus proyectos, cuenta con una red de socios coordinada por Carolina Garc\u00eda Cata\u00f1o. Su objetivo es fomentar el pensamiento cr\u00edtico y capacitar a todos aquellos que quieran contribuir al desarrollo local, en un marco de intercambio, colaboraci\u00f3n y cooperaci\u00f3n.<\/p>\n\n\n<div class=\"wp-block-image\">\n<figure class=\"alignleft size-large is-resized\"><img loading=\"lazy\" decoding=\"async\" width=\"960\" height=\"950\" src=\"https:\/\/weesuwul.nitteknalogik.net\/wp-content\/uploads\/2020\/01\/FNK.jpg\" alt=\"\" class=\"wp-image-1634\" style=\"width:71px;height:69px\" srcset=\"https:\/\/weesuwul.nitteknalogik.net\/wp-content\/uploads\/2020\/01\/FNK.jpg 960w, https:\/\/weesuwul.nitteknalogik.net\/wp-content\/uploads\/2020\/01\/FNK-300x297.jpg 300w, https:\/\/weesuwul.nitteknalogik.net\/wp-content\/uploads\/2020\/01\/FNK-768x760.jpg 768w\" sizes=\"auto, (max-width: 960px) 100vw, 960px\" \/><\/figure>\n<\/div>\n\n\n<p>FUK N KUK es un grupo de rap senegal\u00e9s compuesto por tres artistas: Pope Abdoulaye DIOP alias Pidin\u00e9f, Mansour MBALLO alias Free Loader y Ernest Bamaye MENDY alias Kab2seus.<\/p>\n\n\n\n<p>FUK&#8217;N&#8217;KUK contribuye de manera significativa a la construcci\u00f3n y promoci\u00f3n de la ciudadan\u00eda y la cohesi\u00f3n social para un municipio que se levanta y camina. Utilizan las culturas urbanas como una alternativa al fracaso escolar en una localidad donde la tasa de abandono escolar est\u00e1 aumentando.<\/p>\n\n\n<div class=\"wp-block-image\">\n<figure class=\"alignleft size-large is-resized\"><img loading=\"lazy\" decoding=\"async\" width=\"1024\" height=\"704\" src=\"https:\/\/weesuwul.nitteknalogik.net\/wp-content\/uploads\/2020\/05\/logo-dafhiphop-1024x704.jpg\" alt=\"\" class=\"wp-image-2813\" style=\"width:105px;height:71px\" srcset=\"https:\/\/weesuwul.nitteknalogik.net\/wp-content\/uploads\/2020\/05\/logo-dafhiphop-1024x704.jpg 1024w, https:\/\/weesuwul.nitteknalogik.net\/wp-content\/uploads\/2020\/05\/logo-dafhiphop-300x206.jpg 300w, https:\/\/weesuwul.nitteknalogik.net\/wp-content\/uploads\/2020\/05\/logo-dafhiphop-768x528.jpg 768w, https:\/\/weesuwul.nitteknalogik.net\/wp-content\/uploads\/2020\/05\/logo-dafhiphop.jpg 1080w\" sizes=\"auto, (max-width: 1024px) 100vw, 1024px\" \/><\/figure>\n<\/div>\n\n\n<p>La asociaci\u00f3n DAF HIP HOP es una organizaci\u00f3n cultural creada en 2018. Se crea para poner el arte y la cultura al servicio del desarrollo comunitario. Es una organizaci\u00f3n no partidista, cuyo objetivo es contribuir a mejorar las condiciones de vida en el barrio y mostrar que los artistas son actores de cambio comprometidos con su comunidad.<\/p>\n\n\n\n<p>Acompa\u00f1a a los j\u00f3venes en su pr\u00e1ctica de las culturas urbanas. Les ofrece un espacio de formaci\u00f3n y expresi\u00f3n. Se organiza y se financia por s\u00ed mismo. El lema es que cada miembro debe aportar sus habilidades y conocimientos, y se autogestiona sin esperar ayuda externa.<\/p>\n\n\n\n<h3 class=\"wp-block-heading\">El equipo de coordinaci\u00f3n y formaci\u00f3n del proyecto Weesuwul 2020 est\u00e1 compuesto por:<\/h3>\n\n\n\n<p><strong><em>Emile Thiaw<\/em><\/strong> &#8211; es un emprendedor social, naci\u00f3 y se cri\u00f3 en Dalifort.<br> Se interesa por el esp\u00edritu emprendedor y su correlaci\u00f3n con sus objetivos, es licenciado en emprendedur\u00eda cultural tras una formaci\u00f3n en Empresariales, Marketing de Artes y Culturas, Reserva y Gesti\u00f3n de Carreras Art\u00edsticas en Africulturban en el marco del proyecto FOCUS [Forums des Cultures Urbaines du Sud]. Gerente del grupo FUK N KUK y Secretario General de la asociaci\u00f3n We management.sn.<\/p>\n\n\n\n<p><strong><em>Carolina Garc\u00eda Cata\u00f1o<\/em><\/strong> &#8211; Durante m\u00e1s de 20 a\u00f1os, ha estado involucrada en las tecnolog\u00edas libres, promotora de la comunidad del software libre en Espa\u00f1a. Fundadora de Dabne, cooperativa de mujeres basada en la tecnolog\u00eda del software libre. Ha realizado gesti\u00f3n de proyectos, formaci\u00f3n, consultor\u00eda inform\u00e1tica y desarrollo web. Durante los a\u00f1os en Berlin trabaj\u00f3 como desarrolladora de frontend y en la ONG Women in Exile, grupo autoorganizado de mujeres refugiadas, donde fue responsable de comunicaci\u00f3n en l\u00ednea y fundraising. Ha escrito diversos art\u00edculos y contribuido en varios libros aportando su visi\u00f3n sobre el impacto social de la tecnolog\u00eda.<\/p>\n\n\n\n<p><strong><em>Marie H\u00e9lene Ndiaye<\/em><\/strong> &#8211; Participa en grupos de mujeres y trabaja en la documentaci\u00f3n y la visibilidad de la contribuci\u00f3n de las mujeres africanas a la paz, la justicia y la dignidad a trav\u00e9s del activismo, la construcci\u00f3n de movimientos y otras formas de compromiso, coordinadora del proyecto Gigantes invisibles iniciado por African Rising Network y comprometida con su municipio y sus j\u00f3venes.<\/p>\n\n\n\n<p><\/p>\n","protected":false},"excerpt":{"rendered":"<p>Niit Tekna Logic tiene como misi\u00f3n la formaci\u00f3n, capacitaci\u00f3n y empoderamiento a trav\u00e9s de proyectos en los \u00e1mbitos de la tecnolog\u00eda libre, el emprendimiento social y solidario y el arte. Para llevar a cabo sus proyectos, cuenta con una red de socios coordinada por Carolina Garc\u00eda Cata\u00f1o. Su objetivo es<\/p>\n","protected":false},"author":1,"featured_media":0,"parent":0,"menu_order":0,"comment_status":"closed","ping_status":"closed","template":"","meta":{"footnotes":""},"class_list":["post-19","page","type-page","status-publish","hentry"],"translation":{"provider":"WPGlobus","version":"3.0.0","language":"es","enabled_languages":["fr","en","es"],"languages":{"fr":{"title":true,"content":true,"excerpt":false},"en":{"title":true,"content":true,"excerpt":false},"es":{"title":true,"content":true,"excerpt":false}}},"jetpack_sharing_enabled":true,"_links":{"self":[{"href":"https:\/\/weesuwul.nitteknalogik.net\/es\/wp-json\/wp\/v2\/pages\/19","targetHints":{"allow":["GET"]}}],"collection":[{"href":"https:\/\/weesuwul.nitteknalogik.net\/es\/wp-json\/wp\/v2\/pages"}],"about":[{"href":"https:\/\/weesuwul.nitteknalogik.net\/es\/wp-json\/wp\/v2\/types\/page"}],"author":[{"embeddable":true,"href":"https:\/\/weesuwul.nitteknalogik.net\/es\/wp-json\/wp\/v2\/users\/1"}],"replies":[{"embeddable":true,"href":"https:\/\/weesuwul.nitteknalogik.net\/es\/wp-json\/wp\/v2\/comments?post=19"}],"version-history":[{"count":10,"href":"https:\/\/weesuwul.nitteknalogik.net\/es\/wp-json\/wp\/v2\/pages\/19\/revisions"}],"predecessor-version":[{"id":3410,"href":"https:\/\/weesuwul.nitteknalogik.net\/es\/wp-json\/wp\/v2\/pages\/19\/revisions\/3410"}],"wp:attachment":[{"href":"https:\/\/weesuwul.nitteknalogik.net\/es\/wp-json\/wp\/v2\/media?parent=19"}],"curies":[{"name":"wp","href":"https:\/\/api.w.org\/{rel}","templated":true}]}}