{"id":17,"date":"2019-12-17T00:36:49","date_gmt":"2019-12-17T00:36:49","guid":{"rendered":"https:\/\/weesuwul.abriraqui.net\/home\/"},"modified":"2020-05-08T14:56:04","modified_gmt":"2020-05-08T14:56:04","slug":"about-the-project","status":"publish","type":"page","link":"https:\/\/weesuwul.nitteknalogik.net\/es\/about-the-project\/","title":{"rendered":"Sobre el proyecto"},"content":{"rendered":"\n<div class=\"wp-block-image\"><figure class=\"alignright size-large is-resized\"><img loading=\"lazy\" decoding=\"async\" src=\"https:\/\/weesuwul.nitteknalogik.net\/wp-content\/uploads\/2019\/12\/IMG-20191217-WA0004-1024x768.jpg\" alt=\"\" class=\"wp-image-113\" width=\"364\" height=\"192\"\/><\/figure><\/div>\n\n\n\n<p>El objetivo principal del proyecto es crear un lugar de encuentro para mujeres, en el que puedan compartir sus problemas diarios, sus intereses y sus deseos de aprender. Durante los encuentros, los temas que propongan las mujeres ser\u00e1n documentados a trav\u00e9s de peque\u00f1os informes y entrevistas. La informaci\u00f3n recogida durante estos talleres ser\u00e1 compartida con las autoridades locales para encontrar una primera soluci\u00f3n. <\/p>\n\n\n\n<p>Durante tres meses habr\u00e1 cursos de capacitaci\u00f3n sobre tecnolog\u00edas libres que mejorar\u00e1n los conocimientos y habilidades de las mujeres. Como resultado del proceso de aprendizaje la p\u00e1gina web ser\u00e1 actualizada por parte de las mujeres y se publicar\u00e1n en l\u00ednea diferentes informaciones recogidas durante el proyecto. Todos los equipos utilizados para la capacitaci\u00f3n ser\u00e1n smartphones y ordenadores, para garantizar que sea un material accesible para las mujeres, para que puedan utilizarlo despu\u00e9s de la finalizaci\u00f3n del proyecto.<\/p>\n\n\n\n<h3 class=\"wp-block-heading\">EMPODERAMIENTO PARA LA PARTICIPACI\u00d3N CIUDADANA<\/h3>\n\n\n\n<div class=\"wp-block-image\"><figure class=\"alignright size-large is-resized\"><img loading=\"lazy\" decoding=\"async\" src=\"https:\/\/weesuwul.nitteknalogik.net\/wp-content\/uploads\/2019\/12\/Screenshot_2019-11-24-22-37-15.png\" alt=\"\" class=\"wp-image-161\" width=\"282\" height=\"367\" srcset=\"https:\/\/weesuwul.nitteknalogik.net\/wp-content\/uploads\/2019\/12\/Screenshot_2019-11-24-22-37-15.png 720w, https:\/\/weesuwul.nitteknalogik.net\/wp-content\/uploads\/2019\/12\/Screenshot_2019-11-24-22-37-15-231x300.png 231w\" sizes=\"auto, (max-width: 282px) 100vw, 282px\" \/><\/figure><\/div>\n\n\n\n<p>A trav\u00e9s de los talleres de empoderamiento, aprenderemos a conocer la situaci\u00f3n de las mujeres, discutiremos c\u00f3mo mejorarla y por qu\u00e9 es importante la auto &#8211; organizaci\u00f3n. La importancia de tener un rol activo en la actividad y desarrollo de la comunidad. La necesidad de aportar su mirada ante la b\u00fasqueda de soluciones y alternativas comunitarias.<\/p>\n\n\n\n<h3 class=\"wp-block-heading\">EMPODERAMIENTO<\/h3>\n\n\n\n<p>Creaci\u00f3n de un espacio de intercambio, para poner en com\u00fan los problemas de las mujeres y comprobar que no son individuales sino colectivos y que juntas se pueden encontrar soluciones.<\/p>\n\n\n\n<p>Crear un centro de tecnolog\u00eda libre gestionado por y para las mujeres de la comunidad, que les permita, a trav\u00e9s de la formaci\u00f3n poder mejorar su situaci\u00f3n personal y econ\u00f3mica.<\/p>\n\n\n\n<h3 class=\"wp-block-heading\">PERIODISMO CIUDADANO<\/h3>\n\n\n\n<p>Es hora de que los protagonistas escriban su propia historia. Utilizaremos tecnolog\u00edas libres para escribir la historia y hacerla visible.<\/p>\n\n\n\n<p>Para ello documentaremos el proceso de la formaci\u00f3n, las actividades, las acciones de participaci\u00f3n ciudadana y las compartiremos en las redes sociales y en la p\u00e1gina web.<\/p>\n\n\n\n<h3 class=\"wp-block-heading\">ESPACIO DE AUTO-APRENDIZAJE<\/h3>\n\n\n\n<p>La tecnolog\u00eda libre ofrece una metodolog\u00eda de aprendizaje basada en la colaboraci\u00f3n, la cooperaci\u00f3n, el compartir y el aprender haciendo. DAF HIP-HOP proporcionar\u00e1 el entorno de aprendizaje adecuado.<\/p>\n\n\n\n<h3 class=\"wp-block-heading\">EMPRENDIMIENTO SOCIAL<\/h3>\n\n\n\n<p>La tecnolog\u00eda libre nos da un marco de aprendizaje y entre otras cosas ofrece un modelo de desarrollo econ\u00f3mico que ha hecho del software libre algo m\u00e1s que &#8220;hacer software&#8221;, ofrece un modelo de negocio.<\/p>\n\n\n\n<p>Pero la tecnolog\u00eda es una herramienta, que nos permite &#8220;hacer cosas&#8221;, as\u00ed que durante la formaci\u00f3n para poder aprender necesitamos un contenido. Una vez empezada la formaci\u00f3n detectamos que la mayor\u00eda de las mujeres son emprendedoras y quieren llevar a cabo su propia empresa. Por lo tanto decidimos incorporar el desarrollo de un plan de empresa simplificado como parte de la formaci\u00f3n, porque consideramos que de esta manera reforzamos su esp\u00edritu emprendedor y las capacitamos para iniciar un proceso que puede mejorar sus vidas.<\/p>\n\n\n\n<p><\/p>\n\n\n\n<h3 class=\"wp-block-heading\">LAS MUJERES AFRICANAS EN LA HISTORIA<\/h3>\n\n\n\n<p>En esta secci\u00f3n se incluir\u00e1n las biograf\u00edas de diferentes mujeres africanas, cuya vida ha tenido un impacto en el desarrollo social y pol\u00edtico de sus respectivos pa\u00edses.<\/p>\n\n\n\n<figure class=\"wp-block-gallery columns-6 is-cropped wp-block-gallery-1 is-layout-flex wp-block-gallery-is-layout-flex\"><ul class=\"blocks-gallery-grid\"><li class=\"blocks-gallery-item\"><figure><a href=\"https:\/\/weesuwul.abriraqui.net\/wp-content\/uploads\/2019\/12\/femme3.jpeg\"><img loading=\"lazy\" decoding=\"async\" width=\"551\" height=\"612\" src=\"https:\/\/weesuwul.abriraqui.net\/wp-content\/uploads\/2019\/12\/femme3.jpeg\" alt=\"\" data-id=\"489\" class=\"wp-image-489\" srcset=\"https:\/\/weesuwul.nitteknalogik.net\/wp-content\/uploads\/2019\/12\/femme3.jpeg 551w, https:\/\/weesuwul.nitteknalogik.net\/wp-content\/uploads\/2019\/12\/femme3-270x300.jpeg 270w\" sizes=\"auto, (max-width: 551px) 100vw, 551px\" \/><\/a><\/figure><\/li><li class=\"blocks-gallery-item\"><figure><a href=\"https:\/\/weesuwul.abriraqui.net\/wp-content\/uploads\/2019\/12\/femme2.jpeg\"><img loading=\"lazy\" decoding=\"async\" width=\"220\" height=\"289\" src=\"https:\/\/weesuwul.abriraqui.net\/wp-content\/uploads\/2019\/12\/femme2.jpeg\" alt=\"\" data-id=\"488\" class=\"wp-image-488\"\/><\/a><\/figure><\/li><li class=\"blocks-gallery-item\"><figure><a href=\"https:\/\/weesuwul.abriraqui.net\/wp-content\/uploads\/2019\/12\/femme14-e1577536071356.jpeg\"><img loading=\"lazy\" decoding=\"async\" width=\"512\" height=\"640\" src=\"https:\/\/weesuwul.abriraqui.net\/wp-content\/uploads\/2019\/12\/femme14-e1577536071356.jpeg\" alt=\"\" data-id=\"517\" class=\"wp-image-517\" srcset=\"https:\/\/weesuwul.nitteknalogik.net\/wp-content\/uploads\/2019\/12\/femme14-e1577536071356.jpeg 512w, https:\/\/weesuwul.nitteknalogik.net\/wp-content\/uploads\/2019\/12\/femme14-e1577536071356-240x300.jpeg 240w\" sizes=\"auto, (max-width: 512px) 100vw, 512px\" \/><\/a><\/figure><\/li><li class=\"blocks-gallery-item\"><figure><a href=\"https:\/\/weesuwul.abriraqui.net\/wp-content\/uploads\/2019\/12\/femme4-e1577532440356.jpeg\"><img loading=\"lazy\" decoding=\"async\" width=\"386\" height=\"483\" src=\"https:\/\/weesuwul.abriraqui.net\/wp-content\/uploads\/2019\/12\/femme4-e1577532440356.jpeg\" alt=\"\" data-id=\"490\" class=\"wp-image-490\" srcset=\"https:\/\/weesuwul.nitteknalogik.net\/wp-content\/uploads\/2019\/12\/femme4-e1577532440356.jpeg 386w, https:\/\/weesuwul.nitteknalogik.net\/wp-content\/uploads\/2019\/12\/femme4-e1577532440356-240x300.jpeg 240w\" sizes=\"auto, (max-width: 386px) 100vw, 386px\" \/><\/a><\/figure><\/li><li class=\"blocks-gallery-item\"><figure><a href=\"https:\/\/weesuwul.abriraqui.net\/wp-content\/uploads\/2019\/12\/femme11-1.jpeg\"><img loading=\"lazy\" decoding=\"async\" width=\"599\" height=\"640\" src=\"https:\/\/weesuwul.abriraqui.net\/wp-content\/uploads\/2019\/12\/femme11-1.jpeg\" alt=\"\" data-id=\"576\" class=\"wp-image-576\" srcset=\"https:\/\/weesuwul.nitteknalogik.net\/wp-content\/uploads\/2019\/12\/femme11-1.jpeg 599w, https:\/\/weesuwul.nitteknalogik.net\/wp-content\/uploads\/2019\/12\/femme11-1-281x300.jpeg 281w\" sizes=\"auto, (max-width: 599px) 100vw, 599px\" \/><\/a><\/figure><\/li><li class=\"blocks-gallery-item\"><figure><a href=\"https:\/\/weesuwul.abriraqui.net\/wp-content\/uploads\/2019\/12\/femme15.jpeg\"><img loading=\"lazy\" decoding=\"async\" width=\"693\" height=\"640\" src=\"https:\/\/weesuwul.abriraqui.net\/wp-content\/uploads\/2019\/12\/femme15.jpeg\" alt=\"\" data-id=\"547\" class=\"wp-image-547\" srcset=\"https:\/\/weesuwul.nitteknalogik.net\/wp-content\/uploads\/2019\/12\/femme15.jpeg 693w, https:\/\/weesuwul.nitteknalogik.net\/wp-content\/uploads\/2019\/12\/femme15-300x277.jpeg 300w\" sizes=\"auto, (max-width: 693px) 100vw, 693px\" \/><\/a><\/figure><\/li><\/ul><\/figure>\n","protected":false},"excerpt":{"rendered":"<p>El objetivo principal del proyecto es crear un lugar de encuentro para mujeres, en el que puedan compartir sus problemas diarios, sus intereses y sus deseos de aprender. Durante los encuentros, los temas que propongan las mujeres ser\u00e1n documentados a trav\u00e9s de peque\u00f1os informes y entrevistas. La informaci\u00f3n recogida durante<\/p>\n","protected":false},"author":1,"featured_media":0,"parent":0,"menu_order":0,"comment_status":"closed","ping_status":"closed","template":"","meta":{"footnotes":""},"class_list":["post-17","page","type-page","status-publish","hentry"],"translation":{"provider":"WPGlobus","version":"3.0.0","language":"es","enabled_languages":["fr","en","es"],"languages":{"fr":{"title":true,"content":true,"excerpt":false},"en":{"title":true,"content":true,"excerpt":false},"es":{"title":true,"content":true,"excerpt":false}}},"jetpack_sharing_enabled":true,"_links":{"self":[{"href":"https:\/\/weesuwul.nitteknalogik.net\/es\/wp-json\/wp\/v2\/pages\/17","targetHints":{"allow":["GET"]}}],"collection":[{"href":"https:\/\/weesuwul.nitteknalogik.net\/es\/wp-json\/wp\/v2\/pages"}],"about":[{"href":"https:\/\/weesuwul.nitteknalogik.net\/es\/wp-json\/wp\/v2\/types\/page"}],"author":[{"embeddable":true,"href":"https:\/\/weesuwul.nitteknalogik.net\/es\/wp-json\/wp\/v2\/users\/1"}],"replies":[{"embeddable":true,"href":"https:\/\/weesuwul.nitteknalogik.net\/es\/wp-json\/wp\/v2\/comments?post=17"}],"version-history":[{"count":10,"href":"https:\/\/weesuwul.nitteknalogik.net\/es\/wp-json\/wp\/v2\/pages\/17\/revisions"}],"predecessor-version":[{"id":2849,"href":"https:\/\/weesuwul.nitteknalogik.net\/es\/wp-json\/wp\/v2\/pages\/17\/revisions\/2849"}],"wp:attachment":[{"href":"https:\/\/weesuwul.nitteknalogik.net\/es\/wp-json\/wp\/v2\/media?parent=17"}],"curies":[{"name":"wp","href":"https:\/\/api.w.org\/{rel}","templated":true}]}}